{"id":1004,"date":"2024-12-04T17:47:10","date_gmt":"2024-12-04T20:47:10","guid":{"rendered":"https:\/\/uniteno.com.br\/?page_id=1004"},"modified":"2024-12-04T17:53:14","modified_gmt":"2024-12-04T20:53:14","slug":"cepg","status":"publish","type":"page","link":"https:\/\/uniteno.com.br\/index.php\/cepg\/","title":{"rendered":"CEPG"},"content":{"rendered":"<div id=\"fb-root\"><\/div>\n<div class=\"vce-row-container\" data-vce-boxed-width=\"true\"><div class=\"vce-row vce-row--col-gap-30 vce-row-content--top\" id=\"el-ff67b4a4\" data-vce-do-apply=\"all el-ff67b4a4\"><div class=\"vce-row-content\" data-vce-element-content=\"true\"><div class=\"vce-col vce-col--md-50p vce-col--xs-1 vce-col--xs-last vce-col--xs-first vce-col--sm-last vce-col--sm-first vce-col--md-first vce-col--lg-first vce-col--xl-first\" id=\"el-c8742262\"><div class=\"vce-col-inner\" data-vce-do-apply=\"border margin background  el-c8742262\"><div class=\"vce-col-content\" data-vce-element-content=\"true\" data-vce-do-apply=\"padding el-c8742262\"><div class=\"vce-text-block\"><div class=\"vce-text-block-wrapper vce\" id=\"el-4a2e0ee6\" data-vce-do-apply=\"all el-4a2e0ee6\"><p><strong>OBJETIVO DO CURSO<\/strong><\/p><p class=\"MsoNormal\" style=\"margin-bottom: .0001pt;\">PARCERIA<\/p><p><strong>CONTE\u00daDO PROGRAM\u00c1TICO RESUMIDO<\/strong>:<\/p><p>TE\u00d3RICO\/PR\u00c1TICO<\/p><p>PARCERIA<\/p><p><strong>CORPO DOCENTE<\/strong>:<\/p><p>PARCERIA<br>&nbsp;&nbsp;<\/p><p><strong>Dura\u00e7\u00e3o<\/strong>: 18 meses<\/p><\/div><\/div><\/div><\/div><\/div><div class=\"vce-col vce-col--md-50p vce-col--xs-1 vce-col--xs-last vce-col--xs-first vce-col--sm-last vce-col--sm-first vce-col--md-last vce-col--lg-last vce-col--xl-last\" id=\"el-a510df8d\"><div class=\"vce-col-inner\" data-vce-do-apply=\"border margin background  el-a510df8d\"><div class=\"vce-col-content\" data-vce-element-content=\"true\" data-vce-do-apply=\"padding el-a510df8d\"><div class=\"vce-feature-description vce\" id=\"el-f185857f\" data-vce-do-apply=\"all el-f185857f\"><div><div class=\"vce-feature-description-image-wrapper vce-feature-description-image-align--center\"><div class=\"vce-feature-description-image vce-features-shape--filled-square vce-feature-description-image--background-position-center-center\" style=\"background-image: url('https:\/\/uniteno.com.br\/wp-content\/uploads\/2024\/12\/cepg.jpg'); padding: 0px 0px 100%;\"><\/div><\/div><div class=\"vce-feature-description-content\"><\/div><div><\/div><\/div><\/div><div class=\"vce-text-block\"><div class=\"vce-text-block-wrapper vce\" id=\"el-89a7d2cd\" data-vce-do-apply=\"all el-89a7d2cd\"><h2>Se interessou pelo curso?<\/h2><p>\n<div class=\"wpcf7 no-js\" id=\"wpcf7-f559-o1\" lang=\"pt-BR\" dir=\"ltr\">\n<div class=\"screen-reader-response\"><p role=\"status\" aria-live=\"polite\" aria-atomic=\"true\"><\/p> <ul><\/ul><\/div>\n<form action=\"\/index.php\/wp-json\/wp\/v2\/pages\/1004#wpcf7-f559-o1\" method=\"post\" class=\"wpcf7-form init\" aria-label=\"Formul\u00e1rios de contato\" novalidate=\"novalidate\" data-status=\"init\">\n<div style=\"display: none;\">\n<input type=\"hidden\" name=\"_wpcf7\" value=\"559\" \/>\n<input type=\"hidden\" name=\"_wpcf7_version\" value=\"5.7.7\" \/>\n<input type=\"hidden\" name=\"_wpcf7_locale\" value=\"pt_BR\" \/>\n<input type=\"hidden\" name=\"_wpcf7_unit_tag\" value=\"wpcf7-f559-o1\" \/>\n<input type=\"hidden\" name=\"_wpcf7_container_post\" value=\"0\" \/>\n<input type=\"hidden\" name=\"_wpcf7_posted_data_hash\" value=\"\" \/>\n<input type=\"hidden\" name=\"_wpcf7_recaptcha_response\" value=\"\" \/>\n<\/div>\n<p><label> Seu nome (obrigat\u00f3rio)<br \/>\n<span class=\"wpcf7-form-control-wrap\" data-name=\"your-name\"><input size=\"40\" class=\"wpcf7-form-control wpcf7-text wpcf7-validates-as-required\" aria-required=\"true\" aria-invalid=\"false\" value=\"\" type=\"text\" name=\"your-name\" \/><\/span> <\/label>\n<\/p>\n<p><label> Seu e-mail (obrigat\u00f3rio)<br \/>\n<span class=\"wpcf7-form-control-wrap\" data-name=\"your-email\"><input size=\"40\" class=\"wpcf7-form-control wpcf7-text wpcf7-email wpcf7-validates-as-required wpcf7-validates-as-email\" aria-required=\"true\" aria-invalid=\"false\" value=\"\" type=\"email\" name=\"your-email\" \/><\/span> <\/label>\n<\/p>\n<p><label> Seu telefone (obrigat\u00f3rio)<br \/>\n<span class=\"wpcf7-form-control-wrap\" data-name=\"tel-63\"><input size=\"40\" class=\"wpcf7-form-control wpcf7-text wpcf7-tel wpcf7-validates-as-required wpcf7-validates-as-tel\" aria-required=\"true\" aria-invalid=\"false\" value=\"\" type=\"tel\" name=\"tel-63\" \/><\/span> <\/label>\n<\/p>\n<p><input class=\"wpcf7-form-control has-spinner wpcf7-submit\" type=\"submit\" value=\"Enviar\" \/>\n<\/p><p style=\"display: none !important;\"><label>&#916;<textarea name=\"_wpcf7_ak_hp_textarea\" cols=\"45\" rows=\"8\" maxlength=\"100\"><\/textarea><\/label><input type=\"hidden\" id=\"ak_js_1\" name=\"_wpcf7_ak_js\" value=\"55\"\/><script>document.getElementById( \"ak_js_1\" ).setAttribute( \"value\", ( new Date() ).getTime() );<\/script><\/p><div class=\"wpcf7-response-output\" aria-hidden=\"true\"><\/div>\n<\/form>\n<\/div>\n<\/p><\/div><\/div><\/div><\/div><\/div><\/div><\/div><\/div>","protected":false},"excerpt":{"rendered":"<p>OBJETIVO DO CURSOPARCERIACONTE\u00daDO PROGRAM\u00c1TICO RESUMIDO:TE\u00d3RICO\/PR\u00c1TICOPARCERIACORPO DOCENTE:PARCERIA&nbsp;&nbsp;Dura\u00e7\u00e3o: 18 mesesSe interessou pelo curso?<\/p>\n","protected":false},"author":1,"featured_media":0,"parent":0,"menu_order":0,"comment_status":"closed","ping_status":"closed","template":"","meta":{"_mi_skip_tracking":false,"_exactmetrics_sitenote_active":false,"_exactmetrics_sitenote_note":"","_exactmetrics_sitenote_category":0},"_links":{"self":[{"href":"https:\/\/uniteno.com.br\/index.php\/wp-json\/wp\/v2\/pages\/1004"}],"collection":[{"href":"https:\/\/uniteno.com.br\/index.php\/wp-json\/wp\/v2\/pages"}],"about":[{"href":"https:\/\/uniteno.com.br\/index.php\/wp-json\/wp\/v2\/types\/page"}],"author":[{"embeddable":true,"href":"https:\/\/uniteno.com.br\/index.php\/wp-json\/wp\/v2\/users\/1"}],"replies":[{"embeddable":true,"href":"https:\/\/uniteno.com.br\/index.php\/wp-json\/wp\/v2\/comments?post=1004"}],"version-history":[{"count":2,"href":"https:\/\/uniteno.com.br\/index.php\/wp-json\/wp\/v2\/pages\/1004\/revisions"}],"predecessor-version":[{"id":1007,"href":"https:\/\/uniteno.com.br\/index.php\/wp-json\/wp\/v2\/pages\/1004\/revisions\/1007"}],"wp:attachment":[{"href":"https:\/\/uniteno.com.br\/index.php\/wp-json\/wp\/v2\/media?parent=1004"}],"curies":[{"name":"wp","href":"https:\/\/api.w.org\/{rel}","templated":true}]}}