{"id":435,"date":"2017-08-10T05:05:48","date_gmt":"2017-08-10T05:05:48","guid":{"rendered":"http:\/\/8degreethemes.com\/demo\/the100\/classic\/?page_id=435"},"modified":"2021-02-18T14:53:54","modified_gmt":"2021-02-18T17:53:54","slug":"archive-list-large-image","status":"publish","type":"page","link":"https:\/\/uniteno.com.br\/index.php\/archive-list-large-image\/","title":{"rendered":"INICIA\u00c7\u00c3O EM ORTODONTIA E ORTOPEDIA FACIAL"},"content":{"rendered":"<div id=\"fb-root\"><\/div>\n<div class=\"vce-row-container\" data-vce-boxed-width=\"true\"><div class=\"vce-row vce-row--col-gap-30 vce-row-columns--top vce-row-content--top\" id=\"el-ff67b4a4\" data-vce-do-apply=\"all el-ff67b4a4\"><div class=\"vce-row-content\" data-vce-element-content=\"true\"><div class=\"vce-col vce-col--md-50p vce-col--xs-1 vce-col--xs-last vce-col--xs-first vce-col--sm-last vce-col--sm-first vce-col--md-first vce-col--lg-first vce-col--xl-first\" id=\"el-c8742262\"><div class=\"vce-col-inner\" data-vce-do-apply=\"border margin background  el-c8742262\"><div class=\"vce-col-content\" data-vce-element-content=\"true\" data-vce-do-apply=\"padding el-c8742262\"><div class=\"vce-text-block\"><div class=\"vce-text-block-wrapper vce\" id=\"el-4a2e0ee6\" data-vce-do-apply=\"all el-4a2e0ee6\"><p><strong>Objetivos:<br><\/strong>Este curso de Inicia\u00e7\u00e3o em Ortodontia \u00e9 voltado para aqueles profissionais ou estudantes de odontologia que desejam aprimoramento intelectual e cient\u00edfico de qualidade, promovendo correta avalia\u00e7\u00e3o de pacientes portadores de m\u00e1-oclus\u00f5es e as poss\u00edveis solu\u00e7\u00f5es de tratamento. Obter um primeiro contato com a especialidade para ser um futuro profissional empreendedor com conhecimentos em ortodontia e ortopedia facial.<\/p>\n<p><strong>Programa:<\/strong><br>Principios Biomec\u00e2nicos da Movimenta\u00e7\u00e3o Ortod\u00f4ntica;<br>Intrudu\u00e7\u00e3o \u00e0 An\u00e1lise Cefalom\u00e9trica em Telerradiografias em Norma Lateral;<br>Estudo dos Aparelhos Ortop\u00e9dicos Remov\u00edveis (Filosofia de Reabilita\u00e7\u00e3o Neuro-Oclusal de Planas);<br>Estudo dos Aparelhos Ortod\u00f4nticos Fixos (Filosofia Bioprogressiva de Ricketts);<br>Mec\u00e2nica b\u00e1sica para tratamento de problemas transversais, verticais e antero-posteriores;<br>Avalia\u00e7\u00e3o de Casos Cl\u00ednicos;<br>Laborat\u00f3rio para Treinamento de Dobras e Montagem de Alguns Aparelhos;<\/p>\n<p><strong>Corpo Docente<\/strong>:<br>Prof. Dr. Francisco A. D. Griecco<br>Prof. Dr. Leandro Bielli Rossi<br>Prof\u00aa Marilia Ferreira Aranha<br>Prof. Dr. Art\u00eanio J. I. Garbin (convidado)<\/p>\n<p><strong>Dura\u00e7\u00e3o<\/strong> \u2013 5 meses<br><strong>Periodicidade<\/strong>&nbsp;mensal: 1 s\u00e1bado por m\u00eas das 8:00 \u00e0s 12:00 hs.<\/p><\/div><\/div><\/div><\/div><\/div><div class=\"vce-col vce-col--md-50p vce-col--xs-1 vce-col--xs-last vce-col--xs-first vce-col--sm-last vce-col--sm-first vce-col--md-last vce-col--lg-last vce-col--xl-last\" id=\"el-a510df8d\"><div class=\"vce-col-inner\" data-vce-do-apply=\"border margin background  el-a510df8d\"><div class=\"vce-col-content\" data-vce-element-content=\"true\" data-vce-do-apply=\"padding el-a510df8d\"><div class=\"vce-single-image-container vce-single-image--align-left\"><div class=\"vce vce-single-image-wrapper\" id=\"el-9d0d4ade\" data-vce-do-apply=\"all el-9d0d4ade\"><figure><div class=\"vce-single-image-inner vce-single-image--absolute\" style=\"padding-bottom: 66.7073%; width: 820px;\"><img decoding=\"async\" loading=\"lazy\" class=\"vce-single-image\" width=\"820\" height=\"547\" src=\"https:\/\/uniteno.com.br\/wp-content\/uploads\/2021\/02\/tratamento-1-820x547.jpg\" srcset=\"https:\/\/uniteno.com.br\/wp-content\/uploads\/2021\/02\/tratamento-1-320x213.jpg 320w,https:\/\/uniteno.com.br\/wp-content\/uploads\/2021\/02\/tratamento-1-480x320.jpg 480w,https:\/\/uniteno.com.br\/wp-content\/uploads\/2021\/02\/tratamento-1-800x534.jpg 800w,https:\/\/uniteno.com.br\/wp-content\/uploads\/2021\/02\/tratamento-1-820x547.jpg 820w\" data-img-src=\"https:\/\/uniteno.com.br\/wp-content\/uploads\/2018\/07\/tratamento-1.jpg\" alt=\"\" title=\"tratamento 1\" \/><\/div><figcaption hidden=\"\"><\/figcaption><\/figure><\/div><\/div><div class=\"vce-text-block\"><div class=\"vce-text-block-wrapper vce\" id=\"el-65eb8f12\" data-vce-do-apply=\"all el-65eb8f12\"><h2>Se interessou pelo curso?<\/h2><p>\n<div class=\"wpcf7 no-js\" id=\"wpcf7-f814-o1\" lang=\"en-US\" dir=\"ltr\">\n<div class=\"screen-reader-response\"><p role=\"status\" aria-live=\"polite\" aria-atomic=\"true\"><\/p> <ul><\/ul><\/div>\n<form action=\"\/index.php\/wp-json\/wp\/v2\/pages\/435#wpcf7-f814-o1\" method=\"post\" class=\"wpcf7-form init\" aria-label=\"Contact form\" novalidate=\"novalidate\" data-status=\"init\">\n<div style=\"display: none;\">\n<input type=\"hidden\" name=\"_wpcf7\" value=\"814\" \/>\n<input type=\"hidden\" name=\"_wpcf7_version\" value=\"5.7.7\" \/>\n<input type=\"hidden\" name=\"_wpcf7_locale\" value=\"en_US\" \/>\n<input type=\"hidden\" name=\"_wpcf7_unit_tag\" value=\"wpcf7-f814-o1\" \/>\n<input type=\"hidden\" name=\"_wpcf7_container_post\" value=\"0\" \/>\n<input type=\"hidden\" name=\"_wpcf7_posted_data_hash\" value=\"\" \/>\n<input type=\"hidden\" name=\"_wpcf7_recaptcha_response\" value=\"\" \/>\n<\/div>\n<p><label> Seu nome (obrigat\u00f3rio)<br \/>\n<span class=\"wpcf7-form-control-wrap\" data-name=\"your-name\"><input size=\"40\" class=\"wpcf7-form-control wpcf7-text wpcf7-validates-as-required\" aria-required=\"true\" aria-invalid=\"false\" value=\"\" type=\"text\" name=\"your-name\" \/><\/span> <\/label>\n<\/p>\n<p><label> Seu e-mail (obrigat\u00f3rio)<br \/>\n<span class=\"wpcf7-form-control-wrap\" data-name=\"your-email\"><input size=\"40\" class=\"wpcf7-form-control wpcf7-text wpcf7-email wpcf7-validates-as-required wpcf7-validates-as-email\" aria-required=\"true\" aria-invalid=\"false\" value=\"\" type=\"email\" name=\"your-email\" \/><\/span> <\/label>\n<\/p>\n<p><label> Seu telefone (obrigat\u00f3rio)<br \/>\n<span class=\"wpcf7-form-control-wrap\" data-name=\"tel-107\"><input size=\"40\" class=\"wpcf7-form-control wpcf7-text wpcf7-tel wpcf7-validates-as-required wpcf7-validates-as-tel\" aria-required=\"true\" aria-invalid=\"false\" value=\"\" type=\"tel\" name=\"tel-107\" \/><\/span> <\/label>\n<\/p>\n<p><input class=\"wpcf7-form-control has-spinner wpcf7-submit\" type=\"submit\" value=\"Enviar\" \/>\n<\/p><p style=\"display: none !important;\"><label>&#916;<textarea name=\"_wpcf7_ak_hp_textarea\" cols=\"45\" rows=\"8\" maxlength=\"100\"><\/textarea><\/label><input type=\"hidden\" id=\"ak_js_1\" name=\"_wpcf7_ak_js\" value=\"193\"\/><script>document.getElementById( \"ak_js_1\" ).setAttribute( \"value\", ( new Date() ).getTime() );<\/script><\/p><div class=\"wpcf7-response-output\" aria-hidden=\"true\"><\/div>\n<\/form>\n<\/div>\n<\/p><\/div><\/div><\/div><\/div><\/div><\/div><\/div><\/div>\n","protected":false},"excerpt":{"rendered":"<p>Objetivos:Este curso de Inicia\u00e7\u00e3o em Ortodontia \u00e9 voltado para aqueles profissionais ou estudantes de odontologia que desejam aprimoramento intelectual e cient\u00edfico de qualidade, promovendo correta avalia\u00e7\u00e3o de pacientes portadores de m\u00e1-oclus\u00f5es e as poss\u00edveis solu\u00e7\u00f5es de tratamento. Obter um primeiro contato com a especialidade para ser um futuro profissional empreendedor com conhecimentos em ortodontia e [&hellip;]<\/p>\n","protected":false},"author":1,"featured_media":0,"parent":0,"menu_order":0,"comment_status":"closed","ping_status":"closed","template":"","meta":{"_mi_skip_tracking":false,"_exactmetrics_sitenote_active":false,"_exactmetrics_sitenote_note":"","_exactmetrics_sitenote_category":0},"_links":{"self":[{"href":"https:\/\/uniteno.com.br\/index.php\/wp-json\/wp\/v2\/pages\/435"}],"collection":[{"href":"https:\/\/uniteno.com.br\/index.php\/wp-json\/wp\/v2\/pages"}],"about":[{"href":"https:\/\/uniteno.com.br\/index.php\/wp-json\/wp\/v2\/types\/page"}],"author":[{"embeddable":true,"href":"https:\/\/uniteno.com.br\/index.php\/wp-json\/wp\/v2\/users\/1"}],"replies":[{"embeddable":true,"href":"https:\/\/uniteno.com.br\/index.php\/wp-json\/wp\/v2\/comments?post=435"}],"version-history":[{"count":14,"href":"https:\/\/uniteno.com.br\/index.php\/wp-json\/wp\/v2\/pages\/435\/revisions"}],"predecessor-version":[{"id":852,"href":"https:\/\/uniteno.com.br\/index.php\/wp-json\/wp\/v2\/pages\/435\/revisions\/852"}],"wp:attachment":[{"href":"https:\/\/uniteno.com.br\/index.php\/wp-json\/wp\/v2\/media?parent=435"}],"curies":[{"name":"wp","href":"https:\/\/api.w.org\/{rel}","templated":true}]}}