{"id":537,"date":"2018-06-19T10:23:18","date_gmt":"2018-06-19T13:23:18","guid":{"rendered":"http:\/\/uniteno.com.br\/?page_id=537"},"modified":"2023-09-15T09:50:57","modified_gmt":"2023-09-15T12:50:57","slug":"implantodontia","status":"publish","type":"page","link":"https:\/\/uniteno.com.br\/index.php\/implantodontia\/","title":{"rendered":"ESPECIALIZA\u00c7\u00c3O EM IMPLANTODONTIA"},"content":{"rendered":"<div id=\"fb-root\"><\/div>\n<div class=\"vce-row-container\" data-vce-boxed-width=\"true\"><div class=\"vce-row vce-row--col-gap-30 vce-row-content--top\" id=\"el-ff67b4a4\" data-vce-do-apply=\"all el-ff67b4a4\"><div class=\"vce-row-content\" data-vce-element-content=\"true\"><div class=\"vce-col vce-col--md-50p vce-col--xs-1 vce-col--xs-last vce-col--xs-first vce-col--sm-last vce-col--sm-first vce-col--md-first vce-col--lg-first vce-col--xl-first\" id=\"el-c8742262\"><div class=\"vce-col-inner\" data-vce-do-apply=\"border margin background  el-c8742262\"><div class=\"vce-col-content\" data-vce-element-content=\"true\" data-vce-do-apply=\"padding el-c8742262\"><div class=\"vce-text-block\"><div class=\"vce-text-block-wrapper vce\" id=\"el-4a2e0ee6\" data-vce-do-apply=\"all el-4a2e0ee6\"><p><strong>OBJETIVO DO CURSO<\/strong><br>O Objetivo do curso \u00e9 proporcionar ao aluno uma forma\u00e7\u00e3o na \u00e1rea da Implantodontia, fundamentada em conhecimentos de bases biol\u00f3gicas e de suas implica\u00e7\u00f5es cl\u00ednicas. Desenvolver o senso cr\u00edtico dos alunos em planejamento de reabilita\u00e7\u00f5es em pacientes, suas indica\u00e7\u00f5es e contra-indica\u00e7\u00f5es. O curso \u00e9 estruturado em aulas te\u00f3ricas, laboratoriais com treinamento de t\u00e9cnicas especificas, semin\u00e1rios para discuss\u00e3o de casos cl\u00ednicos e da literatura atual, atividades demonstrativas e cl\u00ednicas.<\/p><p><strong>CONTE\u00daDO PROGRAM\u00c1TICO RESUMIDO<\/strong>:<br>Biologia \u00f3ssea, princ\u00edpios de osseointegra\u00e7\u00e3o, enxerto \u00f3sseo e lateraliza\u00e7\u00e3o;<br>Componentes prot\u00e9ticos e biomateriais utilizados na Implantodontia;<br>Oclus\u00e3o;<br>Diagn\u00f3stico e planejamento por imagens;<br>Cirurgias avan\u00e7adas em implantodontia;<br>Fisiologia cl\u00ednica e terap\u00eautica medicamentosa na Implantodontia;<br>Pr\u00f3teses parafusadas e cimentadas;<br>Anatomia Bucomaxilofacial;<br>Reabilia\u00e7\u00e3o prot\u00e9tica imediata;<br>Sistema de Implantes fixa e&nbsp;Overdentures;<br>Tipos de superficie;<br>Peri-implantite e complica\u00e7\u00f5es;<\/p><p><strong>CORPO DOCENTE<\/strong>:<br>Prof. Paulo Perri;<br>Prof. Fernando Luppino;<br>Prof. Rodrigo Capalbo;<\/p><p><strong>Dura\u00e7\u00e3o<\/strong>: 24 meses<\/p><p>&nbsp;<\/p><\/div><\/div><\/div><\/div><\/div><div class=\"vce-col vce-col--md-50p vce-col--xs-1 vce-col--xs-last vce-col--xs-first vce-col--sm-last vce-col--sm-first vce-col--md-last vce-col--lg-last vce-col--xl-last\" id=\"el-a510df8d\"><div class=\"vce-col-inner\" data-vce-do-apply=\"border margin background  el-a510df8d\"><div class=\"vce-col-content\" data-vce-element-content=\"true\" data-vce-do-apply=\"padding el-a510df8d\"><div class=\"vce-feature-description vce\" id=\"el-071f793d\" data-vce-do-apply=\"all el-071f793d\"><div><div class=\"vce-feature-description-image-wrapper vce-feature-description-image-align--center\" style=\"width: 1024px;\"><div class=\"vce-feature-description-image vce-features-shape--filled-square vce-feature-description-image--background-position-center-center\" style=\"background-image: url('https:\/\/uniteno.com.br\/wp-content\/uploads\/2023\/09\/IMPLANTE.jpg'); padding: 0px 0px 100%;\"><\/div><\/div><div class=\"vce-feature-description-content\"><\/div><div><\/div><\/div><\/div><div class=\"vce-text-block\"><div class=\"vce-text-block-wrapper vce\" id=\"el-89a7d2cd\" data-vce-do-apply=\"all el-89a7d2cd\"><h2>Se interessou pelo curso?<\/h2><p>\n<div class=\"wpcf7 no-js\" id=\"wpcf7-f788-o1\" lang=\"en-US\" dir=\"ltr\">\n<div class=\"screen-reader-response\"><p role=\"status\" aria-live=\"polite\" aria-atomic=\"true\"><\/p> <ul><\/ul><\/div>\n<form action=\"\/index.php\/wp-json\/wp\/v2\/pages\/537#wpcf7-f788-o1\" method=\"post\" class=\"wpcf7-form init\" aria-label=\"Contact form\" novalidate=\"novalidate\" data-status=\"init\">\n<div style=\"display: none;\">\n<input type=\"hidden\" name=\"_wpcf7\" value=\"788\" \/>\n<input type=\"hidden\" name=\"_wpcf7_version\" value=\"5.7.7\" \/>\n<input type=\"hidden\" name=\"_wpcf7_locale\" value=\"en_US\" \/>\n<input type=\"hidden\" name=\"_wpcf7_unit_tag\" value=\"wpcf7-f788-o1\" \/>\n<input type=\"hidden\" name=\"_wpcf7_container_post\" value=\"0\" \/>\n<input type=\"hidden\" name=\"_wpcf7_posted_data_hash\" value=\"\" \/>\n<input type=\"hidden\" name=\"_wpcf7_recaptcha_response\" value=\"\" \/>\n<\/div>\n<p><label> Seu nome (obrigat\u00f3rio)<br \/>\n<span class=\"wpcf7-form-control-wrap\" data-name=\"your-name\"><input size=\"40\" class=\"wpcf7-form-control wpcf7-text wpcf7-validates-as-required\" aria-required=\"true\" aria-invalid=\"false\" value=\"\" type=\"text\" name=\"your-name\" \/><\/span> <\/label>\n<\/p>\n<p><label> Seu e-mail (obrigat\u00f3rio)<br \/>\n<span class=\"wpcf7-form-control-wrap\" data-name=\"your-email\"><input size=\"40\" class=\"wpcf7-form-control wpcf7-text wpcf7-email wpcf7-validates-as-required wpcf7-validates-as-email\" aria-required=\"true\" aria-invalid=\"false\" value=\"\" type=\"email\" name=\"your-email\" \/><\/span> <\/label>\n<\/p>\n<p><label> Seu telefone (obrigat\u00f3rio)<br \/>\n<span class=\"wpcf7-form-control-wrap\" data-name=\"tel-191\"><input size=\"40\" class=\"wpcf7-form-control wpcf7-text wpcf7-tel wpcf7-validates-as-required wpcf7-validates-as-tel\" aria-required=\"true\" aria-invalid=\"false\" value=\"\" type=\"tel\" name=\"tel-191\" \/><\/span>* <\/label>\n<\/p>\n<p><input class=\"wpcf7-form-control has-spinner wpcf7-submit\" type=\"submit\" value=\"Send\" \/>\n<\/p><p style=\"display: none !important;\"><label>&#916;<textarea name=\"_wpcf7_ak_hp_textarea\" cols=\"45\" rows=\"8\" maxlength=\"100\"><\/textarea><\/label><input type=\"hidden\" id=\"ak_js_1\" name=\"_wpcf7_ak_js\" value=\"188\"\/><script>document.getElementById( \"ak_js_1\" ).setAttribute( \"value\", ( new Date() ).getTime() );<\/script><\/p><div class=\"wpcf7-response-output\" aria-hidden=\"true\"><\/div>\n<\/form>\n<\/div>\n<\/p><\/div><\/div><\/div><\/div><\/div><\/div><\/div><\/div><div class=\"vce-row-container\" data-vce-boxed-width=\"true\"><div class=\"vce-row vce-row--col-gap-30 vce-row-content--top\" id=\"el-54064a4b\" data-vce-do-apply=\"all el-54064a4b\"><div class=\"vce-row-content\" data-vce-element-content=\"true\"><div class=\"vce-col vce-col--md-100p vce-col--xs-1 vce-col--xs-last vce-col--xs-first vce-col--sm-last vce-col--sm-first vce-col--md-last vce-col--lg-last vce-col--xl-last vce-col--md-first vce-col--lg-first vce-col--xl-first\" id=\"el-01167cf2\"><div class=\"vce-col-inner\" data-vce-do-apply=\"border margin background  el-01167cf2\"><div class=\"vce-col-content\" data-vce-element-content=\"true\" data-vce-do-apply=\"padding el-01167cf2\"><div><\/div><\/div><\/div><\/div><\/div><\/div><\/div>","protected":false},"excerpt":{"rendered":"<p>OBJETIVO DO CURSOO Objetivo do curso \u00e9 proporcionar ao aluno uma forma\u00e7\u00e3o na \u00e1rea da Implantodontia, fundamentada em conhecimentos de bases biol\u00f3gicas e de suas implica\u00e7\u00f5es cl\u00ednicas. Desenvolver o senso cr\u00edtico dos alunos em planejamento de reabilita\u00e7\u00f5es em pacientes, suas indica\u00e7\u00f5es e contra-indica\u00e7\u00f5es. O curso \u00e9 estruturado em aulas te\u00f3ricas, laboratoriais com treinamento de t\u00e9cnicas [&hellip;]<\/p>\n","protected":false},"author":1,"featured_media":0,"parent":0,"menu_order":0,"comment_status":"closed","ping_status":"closed","template":"","meta":{"_mi_skip_tracking":false,"_exactmetrics_sitenote_active":false,"_exactmetrics_sitenote_note":"","_exactmetrics_sitenote_category":0},"_links":{"self":[{"href":"https:\/\/uniteno.com.br\/index.php\/wp-json\/wp\/v2\/pages\/537"}],"collection":[{"href":"https:\/\/uniteno.com.br\/index.php\/wp-json\/wp\/v2\/pages"}],"about":[{"href":"https:\/\/uniteno.com.br\/index.php\/wp-json\/wp\/v2\/types\/page"}],"author":[{"embeddable":true,"href":"https:\/\/uniteno.com.br\/index.php\/wp-json\/wp\/v2\/users\/1"}],"replies":[{"embeddable":true,"href":"https:\/\/uniteno.com.br\/index.php\/wp-json\/wp\/v2\/comments?post=537"}],"version-history":[{"count":20,"href":"https:\/\/uniteno.com.br\/index.php\/wp-json\/wp\/v2\/pages\/537\/revisions"}],"predecessor-version":[{"id":961,"href":"https:\/\/uniteno.com.br\/index.php\/wp-json\/wp\/v2\/pages\/537\/revisions\/961"}],"wp:attachment":[{"href":"https:\/\/uniteno.com.br\/index.php\/wp-json\/wp\/v2\/media?parent=537"}],"curies":[{"name":"wp","href":"https:\/\/api.w.org\/{rel}","templated":true}]}}