{"id":539,"date":"2018-06-19T10:29:27","date_gmt":"2018-06-19T13:29:27","guid":{"rendered":"http:\/\/uniteno.com.br\/?page_id=539"},"modified":"2023-04-06T15:32:36","modified_gmt":"2023-04-06T18:32:36","slug":"protese-dentaria","status":"publish","type":"page","link":"https:\/\/uniteno.com.br\/index.php\/protese-dentaria\/","title":{"rendered":"ESPECIALIZA\u00c7\u00c3O PR\u00d3TESE DENT\u00c1RIA"},"content":{"rendered":"<div id=\"fb-root\"><\/div>\n<div class=\"vce-row-container\" data-vce-boxed-width=\"true\"><div class=\"vce-row vce-row--col-gap-30 vce-row-columns--top vce-row-content--top\" id=\"el-ff67b4a4\" data-vce-do-apply=\"all el-ff67b4a4\"><div class=\"vce-row-content\" data-vce-element-content=\"true\"><div class=\"vce-col vce-col--md-50p vce-col--xs-1 vce-col--xs-last vce-col--xs-first vce-col--sm-last vce-col--sm-first vce-col--md-first vce-col--lg-first vce-col--xl-first\" id=\"el-c8742262\"><div class=\"vce-col-inner\" data-vce-do-apply=\"border margin background  el-c8742262\"><div class=\"vce-col-content\" data-vce-element-content=\"true\" data-vce-do-apply=\"padding el-c8742262\"><div class=\"vce-text-block\"><div class=\"vce-text-block-wrapper vce\" id=\"el-4a2e0ee6\" data-vce-do-apply=\"all el-4a2e0ee6\"><p><strong>CONTE\u00daDO PROGRAM\u00c1TICO RESUMIDO:<br><\/strong>Pr\u00f3tese&nbsp;fixa est\u00e9tica, fragmentos cer\u00e2micos, lentes&nbsp;de&nbsp;contato, facetas laminadas, onlays, inlays e coroas totais livres&nbsp;de&nbsp;metais;<br>Sistemas cer\u00e2micos- Como escolher, como usar e como estabelecer previsibilidade&nbsp;de&nbsp;sucesso;<br>Pr\u00f3tese&nbsp;parcial fixa unitaria e multipla sobre dentes naturais e sobre implantes;<br>Pr\u00f3tese&nbsp;protocolo imediata e convencional;<br>Pr\u00f3tese&nbsp;parcial removivel conjugada com&nbsp;pr\u00f3tese&nbsp;parcial fixa sobre dentes naturais;<br>Pr\u00f3tese&nbsp;parcial removivel associada com implantes osseointegrados;<br>Planejamento virtual, tecnologia CAD\/CAM e impress\u00e3o de modelos;<br>Pr\u00f3tese&nbsp;sobre implante ( overdentures,&nbsp;pr\u00f3teses&nbsp;fixas unit\u00e1rias,&nbsp;pr\u00f3teses&nbsp;fixas m\u00fatiplas,&nbsp;pr\u00f3teses&nbsp;protocolo imediata e convencional).<\/p>\n<p><strong>CORPO DOCENTE:<\/strong><br><br>Prof. Adj.&nbsp;Eduardo Passos Rocha&nbsp;<br>Profa. Sabrina Pavan<br>Profa. Ana Teresa Maluly Proni<br>Prof. Rodolfo Bruniera Anchieta<\/p>\n<p>Convidados:<br>Prof. Julio C\u00e9sar Joly;<br>Prof. Mauricio Watanabe;<br>Prof. Paulo Henrique dos Santos;<br>Prof. Sidney Kina;<br>Prof. Wirley Gon\u00e7alves Assun\u00e7\u00e3o.<br><br><\/p>\n<p>&nbsp;<\/p>\n<p><strong>Dura\u00e7\u00e3o<\/strong>: 24 meses.<br>01 m\u00f3dulo por m\u00eas -&nbsp;Sendo realizado na quinta, sexta e&nbsp;s\u00e1bado.<\/p><\/div><\/div><\/div><\/div><\/div><div class=\"vce-col vce-col--md-50p vce-col--xs-1 vce-col--xs-last vce-col--xs-first vce-col--sm-last vce-col--sm-first vce-col--md-last vce-col--lg-last vce-col--xl-last\" id=\"el-a510df8d\"><div class=\"vce-col-inner\" data-vce-do-apply=\"border margin background  el-a510df8d\"><div class=\"vce-col-content\" data-vce-element-content=\"true\" data-vce-do-apply=\"padding el-a510df8d\"><div class=\"vce-single-image-container vce-single-image--align-left\"><div class=\"vce vce-single-image-wrapper\" id=\"el-9d0d4ade\" data-vce-do-apply=\"all el-9d0d4ade\"><figure><div class=\"vce-single-image-inner vce-single-image--absolute\" style=\"padding-bottom: 100%; width: 1024px;\"><img decoding=\"async\" loading=\"lazy\" class=\"vce-single-image\" width=\"1024\" height=\"1024\" src=\"https:\/\/uniteno.com.br\/wp-content\/uploads\/2023\/04\/WhatsApp-Image-2021-12-14-at-16.26.19-2-1024x1024.jpeg\" srcset=\"https:\/\/uniteno.com.br\/wp-content\/uploads\/2023\/04\/WhatsApp-Image-2021-12-14-at-16.26.19-2-320x320.jpeg 320w,https:\/\/uniteno.com.br\/wp-content\/uploads\/2023\/04\/WhatsApp-Image-2021-12-14-at-16.26.19-2-480x480.jpeg 480w,https:\/\/uniteno.com.br\/wp-content\/uploads\/2023\/04\/WhatsApp-Image-2021-12-14-at-16.26.19-2-800x800.jpeg 800w,https:\/\/uniteno.com.br\/wp-content\/uploads\/2023\/04\/WhatsApp-Image-2021-12-14-at-16.26.19-2-1024x1024.jpeg 1024w\" data-img-src=\"https:\/\/uniteno.com.br\/wp-content\/uploads\/2021\/12\/WhatsApp-Image-2021-12-14-at-16.26.19-2.jpeg\" alt=\"\" title=\"WhatsApp Image 2021-12-14 at 16.26.19 (2)\" \/><\/div><figcaption hidden=\"\"><\/figcaption><\/figure><\/div><\/div><div class=\"vce-text-block\"><div class=\"vce-text-block-wrapper vce\" id=\"el-9d75839a\" data-vce-do-apply=\"all el-9d75839a\"><h2>Se interessou pelo curso?<\/h2><p>\n<div class=\"wpcf7 no-js\" id=\"wpcf7-f811-o1\" lang=\"en-US\" dir=\"ltr\">\n<div class=\"screen-reader-response\"><p role=\"status\" aria-live=\"polite\" aria-atomic=\"true\"><\/p> <ul><\/ul><\/div>\n<form action=\"\/index.php\/wp-json\/wp\/v2\/pages\/539#wpcf7-f811-o1\" method=\"post\" class=\"wpcf7-form init\" aria-label=\"Contact form\" novalidate=\"novalidate\" data-status=\"init\">\n<div style=\"display: none;\">\n<input type=\"hidden\" name=\"_wpcf7\" value=\"811\" \/>\n<input type=\"hidden\" name=\"_wpcf7_version\" value=\"5.7.7\" \/>\n<input type=\"hidden\" name=\"_wpcf7_locale\" value=\"en_US\" \/>\n<input type=\"hidden\" name=\"_wpcf7_unit_tag\" value=\"wpcf7-f811-o1\" \/>\n<input type=\"hidden\" name=\"_wpcf7_container_post\" value=\"0\" \/>\n<input type=\"hidden\" name=\"_wpcf7_posted_data_hash\" value=\"\" \/>\n<input type=\"hidden\" name=\"_wpcf7_recaptcha_response\" value=\"\" \/>\n<\/div>\n<p><label> Seu nome (obrigat\u00f3rio)<br \/>\n<span class=\"wpcf7-form-control-wrap\" data-name=\"your-name\"><input size=\"40\" class=\"wpcf7-form-control wpcf7-text wpcf7-validates-as-required\" aria-required=\"true\" aria-invalid=\"false\" value=\"\" type=\"text\" name=\"your-name\" \/><\/span> <\/label>\n<\/p>\n<p><label> Seu e-mail (obrigat\u00f3rio)<br \/>\n<span class=\"wpcf7-form-control-wrap\" data-name=\"your-email\"><input size=\"40\" class=\"wpcf7-form-control wpcf7-text wpcf7-email wpcf7-validates-as-required wpcf7-validates-as-email\" aria-required=\"true\" aria-invalid=\"false\" value=\"\" type=\"email\" name=\"your-email\" \/><\/span> <\/label>\n<\/p>\n<p><label> Seu telefone (obrigat\u00f3rio)<br \/>\n<span class=\"wpcf7-form-control-wrap\" data-name=\"tel-304\"><input size=\"40\" class=\"wpcf7-form-control wpcf7-text wpcf7-tel wpcf7-validates-as-required wpcf7-validates-as-tel\" aria-required=\"true\" aria-invalid=\"false\" value=\"\" type=\"tel\" name=\"tel-304\" \/><\/span> <\/label>\n<\/p>\n<p><input class=\"wpcf7-form-control has-spinner wpcf7-submit\" type=\"submit\" value=\"Enviar\" \/>\n<\/p><p style=\"display: none !important;\"><label>&#916;<textarea name=\"_wpcf7_ak_hp_textarea\" cols=\"45\" rows=\"8\" maxlength=\"100\"><\/textarea><\/label><input type=\"hidden\" id=\"ak_js_1\" name=\"_wpcf7_ak_js\" value=\"179\"\/><script>document.getElementById( \"ak_js_1\" ).setAttribute( \"value\", ( new Date() ).getTime() );<\/script><\/p><div class=\"wpcf7-response-output\" aria-hidden=\"true\"><\/div>\n<\/form>\n<\/div>\n<\/p><\/div><\/div><\/div><\/div><\/div><\/div><\/div><\/div>\n","protected":false},"excerpt":{"rendered":"<p>CONTE\u00daDO PROGRAM\u00c1TICO RESUMIDO:Pr\u00f3tese&nbsp;fixa est\u00e9tica, fragmentos cer\u00e2micos, lentes&nbsp;de&nbsp;contato, facetas laminadas, onlays, inlays e coroas totais livres&nbsp;de&nbsp;metais;Sistemas cer\u00e2micos- Como escolher, como usar e como estabelecer previsibilidade&nbsp;de&nbsp;sucesso;Pr\u00f3tese&nbsp;parcial fixa unitaria e multipla sobre dentes naturais e sobre implantes;Pr\u00f3tese&nbsp;protocolo imediata e convencional;Pr\u00f3tese&nbsp;parcial removivel conjugada com&nbsp;pr\u00f3tese&nbsp;parcial fixa sobre dentes naturais;Pr\u00f3tese&nbsp;parcial removivel associada com implantes osseointegrados;Planejamento virtual, tecnologia CAD\/CAM e impress\u00e3o de [&hellip;]<\/p>\n","protected":false},"author":1,"featured_media":0,"parent":0,"menu_order":0,"comment_status":"closed","ping_status":"closed","template":"","meta":{"_mi_skip_tracking":false,"_exactmetrics_sitenote_active":false,"_exactmetrics_sitenote_note":"","_exactmetrics_sitenote_category":0},"_links":{"self":[{"href":"https:\/\/uniteno.com.br\/index.php\/wp-json\/wp\/v2\/pages\/539"}],"collection":[{"href":"https:\/\/uniteno.com.br\/index.php\/wp-json\/wp\/v2\/pages"}],"about":[{"href":"https:\/\/uniteno.com.br\/index.php\/wp-json\/wp\/v2\/types\/page"}],"author":[{"embeddable":true,"href":"https:\/\/uniteno.com.br\/index.php\/wp-json\/wp\/v2\/users\/1"}],"replies":[{"embeddable":true,"href":"https:\/\/uniteno.com.br\/index.php\/wp-json\/wp\/v2\/comments?post=539"}],"version-history":[{"count":18,"href":"https:\/\/uniteno.com.br\/index.php\/wp-json\/wp\/v2\/pages\/539\/revisions"}],"predecessor-version":[{"id":950,"href":"https:\/\/uniteno.com.br\/index.php\/wp-json\/wp\/v2\/pages\/539\/revisions\/950"}],"wp:attachment":[{"href":"https:\/\/uniteno.com.br\/index.php\/wp-json\/wp\/v2\/media?parent=539"}],"curies":[{"name":"wp","href":"https:\/\/api.w.org\/{rel}","templated":true}]}}