{"id":593,"date":"2018-06-26T15:36:07","date_gmt":"2018-06-26T18:36:07","guid":{"rendered":"http:\/\/uniteno.com.br\/?page_id=593"},"modified":"2023-04-06T15:31:54","modified_gmt":"2023-04-06T18:31:54","slug":"ortodontia","status":"publish","type":"page","link":"https:\/\/uniteno.com.br\/index.php\/ortodontia\/","title":{"rendered":"ESPECIALIZA\u00c7\u00c3O ORTODONTIA"},"content":{"rendered":"<div id=\"fb-root\"><\/div>\n<div class=\"vce-row-container\" data-vce-boxed-width=\"true\"><div class=\"vce-row vce-row--col-gap-30 vce-row-columns--top vce-row-content--top\" id=\"el-ff67b4a4\" data-vce-do-apply=\"all el-ff67b4a4\"><div class=\"vce-row-content\" data-vce-element-content=\"true\"><div class=\"vce-col vce-col--md-50p vce-col--xs-1 vce-col--xs-last vce-col--xs-first vce-col--sm-last vce-col--sm-first vce-col--md-first vce-col--lg-first vce-col--xl-first\" id=\"el-c8742262\"><div class=\"vce-col-inner\" data-vce-do-apply=\"border margin background  el-c8742262\"><div class=\"vce-col-content\" data-vce-element-content=\"true\" data-vce-do-apply=\"padding el-c8742262\"><div class=\"vce-text-block\"><div class=\"vce-text-block-wrapper vce\" id=\"el-e767444f\" data-vce-do-apply=\"all el-e767444f\"><h2>Saiba mais!<\/h2>\n<p>\n<div class=\"wpcf7 no-js\" id=\"wpcf7-f804-o1\" lang=\"en-US\" dir=\"ltr\">\n<div class=\"screen-reader-response\"><p role=\"status\" aria-live=\"polite\" aria-atomic=\"true\"><\/p> <ul><\/ul><\/div>\n<form action=\"\/index.php\/wp-json\/wp\/v2\/pages\/593#wpcf7-f804-o1\" method=\"post\" class=\"wpcf7-form init\" aria-label=\"Contact form\" novalidate=\"novalidate\" data-status=\"init\">\n<div style=\"display: none;\">\n<input type=\"hidden\" name=\"_wpcf7\" value=\"804\" \/>\n<input type=\"hidden\" name=\"_wpcf7_version\" value=\"5.7.7\" \/>\n<input type=\"hidden\" name=\"_wpcf7_locale\" value=\"en_US\" \/>\n<input type=\"hidden\" name=\"_wpcf7_unit_tag\" value=\"wpcf7-f804-o1\" \/>\n<input type=\"hidden\" name=\"_wpcf7_container_post\" value=\"0\" \/>\n<input type=\"hidden\" name=\"_wpcf7_posted_data_hash\" value=\"\" \/>\n<input type=\"hidden\" name=\"_wpcf7_recaptcha_response\" value=\"\" \/>\n<\/div>\n<p><label> Seu nome (obrigat\u00f3rio)<br \/>\n<span class=\"wpcf7-form-control-wrap\" data-name=\"your-name\"><input size=\"40\" class=\"wpcf7-form-control wpcf7-text wpcf7-validates-as-required\" aria-required=\"true\" aria-invalid=\"false\" value=\"\" type=\"text\" name=\"your-name\" \/><\/span> <\/label>\n<\/p>\n<p><label> Seu e-mail (obrigat\u00f3rio)<br \/>\n<span class=\"wpcf7-form-control-wrap\" data-name=\"your-email\"><input size=\"40\" class=\"wpcf7-form-control wpcf7-text wpcf7-email wpcf7-validates-as-required wpcf7-validates-as-email\" aria-required=\"true\" aria-invalid=\"false\" value=\"\" type=\"email\" name=\"your-email\" \/><\/span> <\/label>\n<\/p>\n<p><label> Seu telefone (obrigat\u00f3rio)<br \/>\n<span class=\"wpcf7-form-control-wrap\" data-name=\"tel-773\"><input size=\"40\" class=\"wpcf7-form-control wpcf7-text wpcf7-tel wpcf7-validates-as-tel\" aria-invalid=\"false\" value=\"\" type=\"tel\" name=\"tel-773\" \/><\/span> <\/label>\n<\/p>\n<p><input class=\"wpcf7-form-control has-spinner wpcf7-submit\" type=\"submit\" value=\"Enviar\" \/>\n<\/p><p style=\"display: none !important;\"><label>&#916;<textarea name=\"_wpcf7_ak_hp_textarea\" cols=\"45\" rows=\"8\" maxlength=\"100\"><\/textarea><\/label><input type=\"hidden\" id=\"ak_js_1\" name=\"_wpcf7_ak_js\" value=\"65\"\/><script>document.getElementById( \"ak_js_1\" ).setAttribute( \"value\", ( new Date() ).getTime() );<\/script><\/p><div class=\"wpcf7-response-output\" aria-hidden=\"true\"><\/div>\n<\/form>\n<\/div>\n<\/p><\/div><\/div><div class=\"vce-text-block\"><div class=\"vce-text-block-wrapper vce\" id=\"el-4a2e0ee6\" data-vce-do-apply=\"all el-4a2e0ee6\"><p><strong>OBJETIVO DO&nbsp;CURSO<br><\/strong>Formar o cirurgi\u00e3o dentista para a cl\u00ednica&nbsp;ortod\u00f4ntica, dentro dos princ\u00edpios fundamentados&nbsp;em&nbsp;bases cient\u00edficas e biol\u00f3gicas s\u00f3lidas, al\u00e9m de promover o desenvolvimento das habilidades t\u00e9cnicas, para conclus\u00e3o de tratamentos&nbsp;ortod\u00f4nticos&nbsp;de variados graus de dificuldades.<\/p>\n<p><strong>Dura\u00e7\u00e3o: 36 meses<\/strong><\/p>\n<p>01 m\u00f3dulo por m\u00eas -&nbsp;Sendo realizado na quinta, sexta e&nbsp;s\u00e1bado.<\/p><\/div><\/div><div class=\"vce-row-container\" data-vce-boxed-width=\"true\"><div class=\"vce-row vce-row--col-gap-30 vce-row-columns--top vce-row-content--top\" id=\"el-18036d57\" data-vce-do-apply=\"all el-18036d57\"><div class=\"vce-row-content\" data-vce-element-content=\"true\"><div class=\"vce-col vce-col--md-7-67p vce-col--xs-1 vce-col--xs-last vce-col--xs-first vce-col--sm-last vce-col--sm-first vce-col--md-first vce-col--lg-first vce-col--xl-first\" id=\"el-a0b254f1\"><div class=\"vce-col-inner\" data-vce-do-apply=\"border margin background  el-a0b254f1\"><div class=\"vce-col-content\" data-vce-element-content=\"true\" data-vce-do-apply=\"padding el-a0b254f1\"><\/div><\/div><\/div><div class=\"vce-col vce-col--md-92-33p vce-col--xs-1 vce-col--xs-last vce-col--xs-first vce-col--sm-last vce-col--sm-first vce-col--md-last vce-col--lg-last vce-col--xl-last\" id=\"el-3a1fbd69\"><div class=\"vce-col-inner\" data-vce-do-apply=\"border margin background  el-3a1fbd69\"><div class=\"vce-col-content\" data-vce-element-content=\"true\" data-vce-do-apply=\"padding el-3a1fbd69\"><\/div><\/div><\/div><\/div><\/div><\/div><\/div><\/div><\/div><div class=\"vce-col vce-col--md-50p vce-col--xs-1 vce-col--xs-last vce-col--xs-first vce-col--sm-last vce-col--sm-first vce-col--md-last vce-col--lg-last vce-col--xl-last\" id=\"el-a510df8d\"><div class=\"vce-col-inner\" data-vce-do-apply=\"border margin background  el-a510df8d\"><div class=\"vce-content-background-container\"><\/div><div class=\"vce-col-content\" data-vce-element-content=\"true\" data-vce-do-apply=\"padding el-a510df8d\"><div class=\"vce-feature-description vce\" id=\"el-dd0e6577\" data-vce-do-apply=\"all el-dd0e6577\"><div><div class=\"vce-feature-description-image-wrapper vce-feature-description-image-align--center\" style=\"width: 1024px;\"><div class=\"vce-feature-description-image vce-features-shape--filled-rounded vce-feature-description-image--background-position-center-center\" style=\"background-image: url('https:\/\/uniteno.com.br\/wp-content\/uploads\/2021\/03\/orto300.jpeg'); padding: 0px 0px 100%;\"><\/div><\/div><div class=\"vce-feature-description-content\"><\/div><\/div><\/div><\/div><\/div><\/div><\/div><\/div><\/div><div class=\"vce-row-container\" data-vce-boxed-width=\"true\"><div class=\"vce-row vce-row--col-gap-30 vce-row-columns--top vce-row-content--top\" id=\"el-a771838e\" data-vce-do-apply=\"all el-a771838e\"><div class=\"vce-row-content\" data-vce-element-content=\"true\"><div class=\"vce-col vce-col--md-auto vce-col--xs-1 vce-col--xs-last vce-col--xs-first vce-col--sm-last vce-col--sm-first vce-col--md-first vce-col--lg-first vce-col--xl-first\" id=\"el-fdc8e5fc\"><div class=\"vce-col-inner\" data-vce-do-apply=\"border margin background  el-fdc8e5fc\"><div class=\"vce-col-content\" data-vce-element-content=\"true\" data-vce-do-apply=\"padding el-fdc8e5fc\"><div class=\"vce-yt-video-player vce-yt-video-player--align-center vce-yt-video-player--size-560x315\"><div class=\"vce vce-yt-video-player-wrapper\" id=\"el-40110bff\" data-vce-do-apply=\"all el-40110bff\" style=\"width: 560px;\"><div class=\"vce-yt-video-player-inner\"><iframe loading=\"lazy\" class=\"vce-yt-video-player-iframe\" src=\"https:\/\/www.youtube.com\/embed\/SFGSjpE9Vg?autoplay=0&amp;mute=0&amp;color=red&amp;controls=1&amp;loop=0&amp;rel=0&amp;start=0&amp;cc_load_policy=0&amp;iv_load_policy=3\" width=\"640\" height=\"390\" allowfullscreen=\"\"><\/iframe><\/div><\/div><\/div><\/div><\/div><\/div><div class=\"vce-col vce-col--md-auto vce-col--xs-1 vce-col--xs-last vce-col--xs-first vce-col--sm-last vce-col--sm-first\" id=\"el-4c0253b0\"><div class=\"vce-col-inner\" data-vce-do-apply=\"border margin background  el-4c0253b0\"><div class=\"vce-col-content\" data-vce-element-content=\"true\" data-vce-do-apply=\"padding el-4c0253b0\"><div class=\"vce-yt-video-player vce-yt-video-player--align-center vce-yt-video-player--size-560x315\"><div class=\"vce vce-yt-video-player-wrapper\" id=\"el-d0446346\" data-vce-do-apply=\"all el-d0446346\" style=\"width: 560px;\"><div class=\"vce-yt-video-player-inner\"><iframe loading=\"lazy\" class=\"vce-yt-video-player-iframe\" src=\"https:\/\/www.youtube.com\/embed\/WpS5xVJhhmU?autoplay=0&amp;mute=0&amp;color=red&amp;controls=1&amp;loop=0&amp;rel=0&amp;start=0&amp;cc_load_policy=0&amp;iv_load_policy=3\" width=\"640\" height=\"390\" allowfullscreen=\"\"><\/iframe><\/div><\/div><\/div><\/div><\/div><\/div><div class=\"vce-col vce-col--md-auto vce-col--xs-1 vce-col--xs-last vce-col--xs-first vce-col--sm-last vce-col--sm-first vce-col--md-last vce-col--lg-last vce-col--xl-last\" id=\"el-fd0f1612\"><div class=\"vce-col-inner\" data-vce-do-apply=\"border margin background  el-fd0f1612\"><div class=\"vce-col-content\" data-vce-element-content=\"true\" data-vce-do-apply=\"padding el-fd0f1612\"><div class=\"vce-yt-video-player vce-yt-video-player--align-left vce-yt-video-player--size-560x315\"><div class=\"vce vce-yt-video-player-wrapper\" id=\"el-ed4c1c1d\" data-vce-do-apply=\"all el-ed4c1c1d\" style=\"width: 560px;\"><div class=\"vce-yt-video-player-inner\"><iframe loading=\"lazy\" class=\"vce-yt-video-player-iframe\" src=\"https:\/\/www.youtube.com\/embed\/HqvarNys_2c?autoplay=0&amp;mute=0&amp;color=red&amp;controls=1&amp;loop=0&amp;rel=0&amp;start=0&amp;cc_load_policy=0&amp;iv_load_policy=3\" width=\"640\" height=\"390\" allowfullscreen=\"\"><\/iframe><\/div><\/div><\/div><\/div><\/div><\/div><\/div><\/div><\/div>\n","protected":false},"excerpt":{"rendered":"<p>Saiba mais! OBJETIVO DO&nbsp;CURSOFormar o cirurgi\u00e3o dentista para a cl\u00ednica&nbsp;ortod\u00f4ntica, dentro dos princ\u00edpios fundamentados&nbsp;em&nbsp;bases cient\u00edficas e biol\u00f3gicas s\u00f3lidas, al\u00e9m de promover o desenvolvimento das habilidades t\u00e9cnicas, para conclus\u00e3o de tratamentos&nbsp;ortod\u00f4nticos&nbsp;de variados graus de dificuldades. Dura\u00e7\u00e3o: 36 meses 01 m\u00f3dulo por m\u00eas &#8211;&nbsp;Sendo realizado na quinta, sexta e&nbsp;s\u00e1bado.<\/p>\n","protected":false},"author":1,"featured_media":0,"parent":0,"menu_order":0,"comment_status":"closed","ping_status":"closed","template":"","meta":{"_mi_skip_tracking":false,"_exactmetrics_sitenote_active":false,"_exactmetrics_sitenote_note":"","_exactmetrics_sitenote_category":0},"_links":{"self":[{"href":"https:\/\/uniteno.com.br\/index.php\/wp-json\/wp\/v2\/pages\/593"}],"collection":[{"href":"https:\/\/uniteno.com.br\/index.php\/wp-json\/wp\/v2\/pages"}],"about":[{"href":"https:\/\/uniteno.com.br\/index.php\/wp-json\/wp\/v2\/types\/page"}],"author":[{"embeddable":true,"href":"https:\/\/uniteno.com.br\/index.php\/wp-json\/wp\/v2\/users\/1"}],"replies":[{"embeddable":true,"href":"https:\/\/uniteno.com.br\/index.php\/wp-json\/wp\/v2\/comments?post=593"}],"version-history":[{"count":20,"href":"https:\/\/uniteno.com.br\/index.php\/wp-json\/wp\/v2\/pages\/593\/revisions"}],"predecessor-version":[{"id":948,"href":"https:\/\/uniteno.com.br\/index.php\/wp-json\/wp\/v2\/pages\/593\/revisions\/948"}],"wp:attachment":[{"href":"https:\/\/uniteno.com.br\/index.php\/wp-json\/wp\/v2\/media?parent=593"}],"curies":[{"name":"wp","href":"https:\/\/api.w.org\/{rel}","templated":true}]}}