{"id":600,"date":"2018-06-26T15:46:18","date_gmt":"2018-06-26T18:46:18","guid":{"rendered":"http:\/\/uniteno.com.br\/?page_id=600"},"modified":"2023-04-06T15:46:20","modified_gmt":"2023-04-06T18:46:20","slug":"iniciacao-em-ortodontia-e-ortopedia-facial","status":"publish","type":"page","link":"https:\/\/uniteno.com.br\/index.php\/iniciacao-em-ortodontia-e-ortopedia-facial\/","title":{"rendered":"ASB \u2013 AUXILIAR EM SA\u00daDE BUCAL"},"content":{"rendered":"<div id=\"fb-root\"><\/div>\n<div class=\"vce-row-container\" data-vce-boxed-width=\"true\"><div class=\"vce-row vce-row--col-gap-30 vce-row-columns--top vce-row-content--top\" id=\"el-ff67b4a4\" data-vce-do-apply=\"all el-ff67b4a4\"><div class=\"vce-row-content\" data-vce-element-content=\"true\"><div class=\"vce-col vce-col--md-50p vce-col--xs-1 vce-col--xs-last vce-col--xs-first vce-col--sm-last vce-col--sm-first vce-col--md-first vce-col--lg-first vce-col--xl-first\" id=\"el-c8742262\"><div class=\"vce-col-inner\" data-vce-do-apply=\"border margin background  el-c8742262\"><div class=\"vce-col-content\" data-vce-element-content=\"true\" data-vce-do-apply=\"padding el-c8742262\"><div class=\"vce-text-block\"><div class=\"vce-text-block-wrapper vce\" id=\"el-4a2e0ee6\" data-vce-do-apply=\"all el-4a2e0ee6\"><p>Programa\u00e7\u00e3o Curso ASB \u2013Auxiliar em Sa\u00fade Bucal<\/p>\n<p>Modalidade: Presencial<br>Periodicidade: 03 quintas-feiras ao m\u00eas<br>Dura\u00e7\u00e3o: 11(Onze) meses<\/p>\n<p>Conte\u00fado Program\u00e1tico :<\/p>\n<p>Compet\u00eancias do ASB<br>Inser\u00e7\u00e3o do ASB no mercado de trabalho<br>C\u00f3digo de \u00c9tica Odontol\u00f3gica<br>Administra\u00e7\u00e3o e organiza\u00e7\u00e3o dos servi\u00e7os odontol\u00f3gicos<br>Etiqueta profissional<\/p>\n<p>ANATOMIA:<br>Cabe\u00e7a e pesco\u00e7o e Anatomia dent\u00e1ria<br>BIOSSEGURAN\u00c7A &amp; EPIDEMIOLOGIA:<br>Defini\u00e7\u00e3o de esteriliza\u00e7\u00e3o X infec\u00e7\u00e3o<br>Doen\u00e7as infecciosas de interesse \u00e0 Odontologia<br>Equipamento de prote\u00e7\u00e3o individual (EPIs) e cuidados equipamentos<br>Embalagens para esteriliza\u00e7\u00e3o e Processo de esteriliza\u00e7\u00e3o \/desinfec\u00e7\u00e3o<br>Valida\u00e7\u00e3o do processo de esteriliza\u00e7\u00e3o \/desinfec\u00e7\u00e3o<br>Indicadores f\u00edsico e qu\u00edmico<br>Desinfec\u00e7\u00e3o de superf\u00edcies e Plano de Gerenciamento de Res\u00edduos em Odontologia<br>Fracionamento de produtos<br>Vacina\u00e7\u00e3o e emerg\u00eancias m\u00e9dicas em Odontologia _ Infec\u00e7\u00e3o cruzada,<br>Vigil\u00e2ncia Epidemiol\u00f3gica - SUS - Estrat\u00e9gia da Sa\u00fade da Fam\u00edlia e o ASB<\/p>\n<p>MATERIAIS E INSTRUMENTAIS, EQUIPAMENTOS ODONTOL\u00d3GICOS E SUA MANUTEN\u00c7\u00c3O, CONCEITO SA\u00daDE E DOEN\u00c7A<br>C\u00e1rie dent\u00e1ria &amp; oen\u00e7a periodontal<br>Utiliza\u00e7\u00e3o de fluoretos<br>Odontologia preventiva<br>Ergonomia aplicada \u00e0 Odontologia e trabalho a 4 m\u00e3os<br>No\u00e7\u00f5es das Especialidades Odont\u00f3logicas:<br>Ficha Cl\u00ednica<br>Radiologia odontol\u00f3gica<br>Dent\u00edstica<br>Endodontia<br>Periodontia<br>Pr\u00f3tese Dent\u00e1ria \/Oclus\u00e3o<br>Implantodontia e Cirurgia<br>Ortodontia \/ Oclus\u00e3o<br>Odontopediatria e Higiene Bucal<br>Pacientes com necessidades especiais e Odontogeriatria<\/p><\/div><\/div><\/div><\/div><\/div><div class=\"vce-col vce-col--md-50p vce-col--xs-1 vce-col--xs-last vce-col--xs-first vce-col--sm-last vce-col--sm-first vce-col--md-last vce-col--lg-last vce-col--xl-last\" id=\"el-a510df8d\"><div class=\"vce-col-inner\" data-vce-do-apply=\"border margin background  el-a510df8d\"><div class=\"vce-col-content\" data-vce-element-content=\"true\" data-vce-do-apply=\"padding el-a510df8d\"><div class=\"vce-single-image-container vce-single-image--align-left\"><div class=\"vce vce-single-image-wrapper\" id=\"el-9d0d4ade\" data-vce-do-apply=\"all el-9d0d4ade\"><figure><div class=\"vce-single-image-inner vce-single-image--absolute\" style=\"padding-bottom: 100%; width: 1024px;\"><img decoding=\"async\" loading=\"lazy\" class=\"vce-single-image\" width=\"1024\" height=\"1024\" src=\"https:\/\/uniteno.com.br\/wp-content\/uploads\/2023\/04\/asb-1024x1024.jpg\" srcset=\"https:\/\/uniteno.com.br\/wp-content\/uploads\/2023\/04\/asb-320x320.jpg 320w,https:\/\/uniteno.com.br\/wp-content\/uploads\/2023\/04\/asb-480x480.jpg 480w,https:\/\/uniteno.com.br\/wp-content\/uploads\/2023\/04\/asb-800x800.jpg 800w,https:\/\/uniteno.com.br\/wp-content\/uploads\/2023\/04\/asb-1024x1024.jpg 1024w\" data-img-src=\"https:\/\/uniteno.com.br\/wp-content\/uploads\/2023\/04\/asb.jpg\" alt=\"\" title=\"asb\" \/><\/div><figcaption hidden=\"\"><\/figcaption><\/figure><\/div><\/div><div class=\"vce-text-block\"><div class=\"vce-text-block-wrapper vce\" id=\"el-65eb8f12\" data-vce-do-apply=\"all el-65eb8f12\"><h2>Se interessou pelo curso?<\/h2><p>\n<div class=\"wpcf7 no-js\" id=\"wpcf7-f810-o1\" lang=\"en-US\" dir=\"ltr\">\n<div class=\"screen-reader-response\"><p role=\"status\" aria-live=\"polite\" aria-atomic=\"true\"><\/p> <ul><\/ul><\/div>\n<form action=\"\/index.php\/wp-json\/wp\/v2\/pages\/600#wpcf7-f810-o1\" method=\"post\" class=\"wpcf7-form init\" aria-label=\"Contact form\" novalidate=\"novalidate\" data-status=\"init\">\n<div style=\"display: none;\">\n<input type=\"hidden\" name=\"_wpcf7\" value=\"810\" \/>\n<input type=\"hidden\" name=\"_wpcf7_version\" value=\"5.7.7\" \/>\n<input type=\"hidden\" name=\"_wpcf7_locale\" value=\"en_US\" \/>\n<input type=\"hidden\" name=\"_wpcf7_unit_tag\" value=\"wpcf7-f810-o1\" \/>\n<input type=\"hidden\" name=\"_wpcf7_container_post\" value=\"0\" \/>\n<input type=\"hidden\" name=\"_wpcf7_posted_data_hash\" value=\"\" \/>\n<input type=\"hidden\" name=\"_wpcf7_recaptcha_response\" value=\"\" \/>\n<\/div>\n<p><label> Seu nome (obrigat\u00f3rio)<br \/>\n<span class=\"wpcf7-form-control-wrap\" data-name=\"your-name\"><input size=\"40\" class=\"wpcf7-form-control wpcf7-text wpcf7-validates-as-required\" aria-required=\"true\" aria-invalid=\"false\" value=\"\" type=\"text\" name=\"your-name\" \/><\/span> <\/label>\n<\/p>\n<p><label> Seu e-mail (obrigat\u00f3rio)<br \/>\n<span class=\"wpcf7-form-control-wrap\" data-name=\"your-email\"><input size=\"40\" class=\"wpcf7-form-control wpcf7-text wpcf7-email wpcf7-validates-as-required wpcf7-validates-as-email\" aria-required=\"true\" aria-invalid=\"false\" value=\"\" type=\"email\" name=\"your-email\" \/><\/span> <\/label>\n<\/p>\n<p><label> Seu telefone (obrigat\u00f3rio)<br \/>\n<span class=\"wpcf7-form-control-wrap\" data-name=\"tel-318\"><input size=\"40\" class=\"wpcf7-form-control wpcf7-text wpcf7-tel wpcf7-validates-as-required wpcf7-validates-as-tel\" aria-required=\"true\" aria-invalid=\"false\" value=\"\" type=\"tel\" name=\"tel-318\" \/><\/span> <\/label>\n<\/p>\n<p><input class=\"wpcf7-form-control has-spinner wpcf7-submit\" type=\"submit\" value=\"Enviar\" \/>\n<\/p><p style=\"display: none !important;\"><label>&#916;<textarea name=\"_wpcf7_ak_hp_textarea\" cols=\"45\" rows=\"8\" maxlength=\"100\"><\/textarea><\/label><input type=\"hidden\" id=\"ak_js_1\" name=\"_wpcf7_ak_js\" value=\"115\"\/><script>document.getElementById( \"ak_js_1\" ).setAttribute( \"value\", ( new Date() ).getTime() );<\/script><\/p><div class=\"wpcf7-response-output\" aria-hidden=\"true\"><\/div>\n<\/form>\n<\/div>\n<\/p><\/div><\/div><\/div><\/div><\/div><\/div><\/div><\/div>\n","protected":false},"excerpt":{"rendered":"<p>Programa\u00e7\u00e3o Curso ASB \u2013Auxiliar em Sa\u00fade Bucal Modalidade: PresencialPeriodicidade: 03 quintas-feiras ao m\u00easDura\u00e7\u00e3o: 11(Onze) meses Conte\u00fado Program\u00e1tico : Compet\u00eancias do ASBInser\u00e7\u00e3o do ASB no mercado de trabalhoC\u00f3digo de \u00c9tica Odontol\u00f3gicaAdministra\u00e7\u00e3o e organiza\u00e7\u00e3o dos servi\u00e7os odontol\u00f3gicosEtiqueta profissional ANATOMIA:Cabe\u00e7a e pesco\u00e7o e Anatomia dent\u00e1riaBIOSSEGURAN\u00c7A &amp; EPIDEMIOLOGIA:Defini\u00e7\u00e3o de esteriliza\u00e7\u00e3o X infec\u00e7\u00e3oDoen\u00e7as infecciosas de interesse \u00e0 OdontologiaEquipamento de prote\u00e7\u00e3o [&hellip;]<\/p>\n","protected":false},"author":1,"featured_media":0,"parent":0,"menu_order":0,"comment_status":"closed","ping_status":"closed","template":"","meta":{"_mi_skip_tracking":false,"_exactmetrics_sitenote_active":false,"_exactmetrics_sitenote_note":"","_exactmetrics_sitenote_category":0},"_links":{"self":[{"href":"https:\/\/uniteno.com.br\/index.php\/wp-json\/wp\/v2\/pages\/600"}],"collection":[{"href":"https:\/\/uniteno.com.br\/index.php\/wp-json\/wp\/v2\/pages"}],"about":[{"href":"https:\/\/uniteno.com.br\/index.php\/wp-json\/wp\/v2\/types\/page"}],"author":[{"embeddable":true,"href":"https:\/\/uniteno.com.br\/index.php\/wp-json\/wp\/v2\/users\/1"}],"replies":[{"embeddable":true,"href":"https:\/\/uniteno.com.br\/index.php\/wp-json\/wp\/v2\/comments?post=600"}],"version-history":[{"count":9,"href":"https:\/\/uniteno.com.br\/index.php\/wp-json\/wp\/v2\/pages\/600\/revisions"}],"predecessor-version":[{"id":952,"href":"https:\/\/uniteno.com.br\/index.php\/wp-json\/wp\/v2\/pages\/600\/revisions\/952"}],"wp:attachment":[{"href":"https:\/\/uniteno.com.br\/index.php\/wp-json\/wp\/v2\/media?parent=600"}],"curies":[{"name":"wp","href":"https:\/\/api.w.org\/{rel}","templated":true}]}}