{"id":778,"date":"2019-07-22T10:55:49","date_gmt":"2019-07-22T13:55:49","guid":{"rendered":"http:\/\/uniteno.com.br\/?page_id=778"},"modified":"2023-04-11T09:03:07","modified_gmt":"2023-04-11T12:03:07","slug":"harmonizacaoorofacial","status":"publish","type":"page","link":"https:\/\/uniteno.com.br\/index.php\/harmonizacaoorofacial\/","title":{"rendered":"HOF &#8211; HARMONIZA\u00c7\u00c3O OROFACIAL"},"content":{"rendered":"<div id=\"fb-root\"><\/div>\n<div class=\"vce-row-container\" data-vce-boxed-width=\"true\"><div class=\"vce-row vce-row--col-gap-30 vce-row-columns--top vce-row-content--top\" id=\"el-ff67b4a4\" data-vce-do-apply=\"all el-ff67b4a4\"><div class=\"vce-row-content\" data-vce-element-content=\"true\"><div class=\"vce-col vce-col--md-50p vce-col--xs-1 vce-col--xs-last vce-col--xs-first vce-col--sm-last vce-col--sm-first vce-col--md-first vce-col--lg-first vce-col--xl-first\" id=\"el-c8742262\"><div class=\"vce-col-inner\" data-vce-do-apply=\"border margin background  el-c8742262\"><div class=\"vce-col-content\" data-vce-element-content=\"true\" data-vce-do-apply=\"padding el-c8742262\"><div class=\"vce-text-block\"><div class=\"vce-text-block-wrapper vce\" id=\"el-4a2e0ee6\" data-vce-do-apply=\"all el-4a2e0ee6\"><p><strong>OBJETIVO DO CURSO<\/strong><\/p>\n<p class=\"MsoNormal\" style=\"margin-bottom: .0001pt;\">-&nbsp; Preparar o aluno com base te\u00f3rica e pr\u00e1tica.<\/p>\n<p class=\"MsoNormal\" style=\"margin-bottom: .0001pt;\">-&nbsp; Embasar conceitos e fundamentos s\u00f3lidos relacionados aos diversos m\u00f3dulos.<\/p>\n<p class=\"MsoNormal\" style=\"margin-bottom: .0001pt;\">-&nbsp; Formar especialistas capacitados a avaliar, diagnosticar, planejar e executar procedimentos est\u00e9ticos de a complexidade<\/p>\n<p><strong>CONTE\u00daDO PROGRAM\u00c1TICO RESUMIDO<\/strong>:<\/p>\n<p>TE\u00d3RICO\/PR\u00c1TICO<\/p>\n<p>- Metodologia cient\u00ed\ufb01ca, \u00e9tica, legisla\u00e7\u00e3o odontol\u00f3gica.<br>- Biosseguran\u00e7a na odontologia e em procedimentos est\u00e9ticos.<br>- Anatomia cabe\u00e7a\/pesco\u00e7o, histo\ufb01siologia, anatomia da pele e anexos.<br>- Envelhecimento da pele, altera\u00e7\u00f5es dermato funcional, avalia\u00e7\u00e3o facial.<br>- Manuseio Toxina b\u00e1sico e avan\u00e7ado<br>- Microagulhamento, PRP, I-PRF e venopun\u00e7\u00e3o.<br>- Preenchedores faciais do b\u00e1sico ao avan\u00e7ado.<br>- Lipoplastia facial (bichectomia, lipo enzim\u00e1tica de papada).<br>- Farmacologia, nutri\u00e7\u00e3o, prescri\u00e7\u00e3o aplicada a est\u00e9tica.<br>- Fios de sustenta\u00e7\u00e3o b\u00e1sico.<br>- Fios de sustenta\u00e7\u00e3o avan\u00e7ado.<br>- Intradermoterapia, lipo cirurgia de papada<br>- Peeling f\u00edsicos e qu\u00edmicos.<br>- Jato de plasma (eletroca\u00faterio), carboxeterapia.<br>- Eletroterapia (radiofrequ\u00eancia, ultrasom, criofrequ\u00eancia)<br>- Laserterapia e suas aplica\u00e7\u00f5es.<br>- Teoria biortomolecular.<br>- Full face (associa\u00e7\u00f5es de t\u00e9cnicas), tratando intercorr\u00eancias.<br>- Bioestimuladores faciais (sculptra, hidroxiapatita de c\u00e1lcio, elanse)<\/p>\n<p><strong>CORPO DOCENTE<\/strong>:<\/p>\n<p>Profa. Dra. El\u00f3a Luvizuto&nbsp;<br>Profa. Dra. Naiana de Melo Belila<br>Prof. Dr. Douglas Pereira da Silva<br>Prof. Dr.&nbsp; Ismael Ca\u00e7\u00e3o \u2013 Convidado<br>Profa. Dra.&nbsp; Thalita Queiroz \u2013 Convidado<br>Profa. Dra.&nbsp; Adriana Correia \u2013 Convidado<br>Profa. Dra.&nbsp; Luciana Della Barba \u2013 Convidado<br>Prof. Dr.&nbsp; Art\u00eanio Garbin \u2013 Convidado<br>&nbsp;&nbsp;<\/p>\n<p><strong>Dura\u00e7\u00e3o<\/strong>: 18 meses<\/p><\/div><\/div><\/div><\/div><\/div><div class=\"vce-col vce-col--md-50p vce-col--xs-1 vce-col--xs-last vce-col--xs-first vce-col--sm-last vce-col--sm-first vce-col--md-last vce-col--lg-last vce-col--xl-last\" id=\"el-a510df8d\"><div class=\"vce-col-inner\" data-vce-do-apply=\"border margin background  el-a510df8d\"><div class=\"vce-col-content\" data-vce-element-content=\"true\" data-vce-do-apply=\"padding el-a510df8d\"><div class=\"vce-feature-description vce\" id=\"el-f185857f\" data-vce-do-apply=\"all el-f185857f\"><div><div class=\"vce-feature-description-image-wrapper vce-feature-description-image-align--center\"><div class=\"vce-feature-description-image vce-features-shape--filled-square vce-feature-description-image--background-position-center-center\" style=\"padding: 0px 0px 100%; background-image: url('https:\/\/uniteno.com.br\/wp-content\/uploads\/2021\/03\/hof-1.jpg');\"><\/div><\/div><div class=\"vce-feature-description-content\"><\/div><\/div><\/div><div class=\"vce-text-block\"><div class=\"vce-text-block-wrapper vce\" id=\"el-89a7d2cd\" data-vce-do-apply=\"all el-89a7d2cd\"><h2>Se interessou pelo curso?<\/h2><p>\n<div class=\"wpcf7 no-js\" id=\"wpcf7-f559-o1\" lang=\"pt-BR\" dir=\"ltr\">\n<div class=\"screen-reader-response\"><p role=\"status\" aria-live=\"polite\" aria-atomic=\"true\"><\/p> <ul><\/ul><\/div>\n<form action=\"\/index.php\/wp-json\/wp\/v2\/pages\/778#wpcf7-f559-o1\" method=\"post\" class=\"wpcf7-form init\" aria-label=\"Formul\u00e1rios de contato\" novalidate=\"novalidate\" data-status=\"init\">\n<div style=\"display: none;\">\n<input type=\"hidden\" name=\"_wpcf7\" value=\"559\" \/>\n<input type=\"hidden\" name=\"_wpcf7_version\" value=\"5.7.7\" \/>\n<input type=\"hidden\" name=\"_wpcf7_locale\" value=\"pt_BR\" \/>\n<input type=\"hidden\" name=\"_wpcf7_unit_tag\" value=\"wpcf7-f559-o1\" \/>\n<input type=\"hidden\" name=\"_wpcf7_container_post\" value=\"0\" \/>\n<input type=\"hidden\" name=\"_wpcf7_posted_data_hash\" value=\"\" \/>\n<input type=\"hidden\" name=\"_wpcf7_recaptcha_response\" value=\"\" \/>\n<\/div>\n<p><label> Seu nome (obrigat\u00f3rio)<br \/>\n<span class=\"wpcf7-form-control-wrap\" data-name=\"your-name\"><input size=\"40\" class=\"wpcf7-form-control wpcf7-text wpcf7-validates-as-required\" aria-required=\"true\" aria-invalid=\"false\" value=\"\" type=\"text\" name=\"your-name\" \/><\/span> <\/label>\n<\/p>\n<p><label> Seu e-mail (obrigat\u00f3rio)<br \/>\n<span class=\"wpcf7-form-control-wrap\" data-name=\"your-email\"><input size=\"40\" class=\"wpcf7-form-control wpcf7-text wpcf7-email wpcf7-validates-as-required wpcf7-validates-as-email\" aria-required=\"true\" aria-invalid=\"false\" value=\"\" type=\"email\" name=\"your-email\" \/><\/span> <\/label>\n<\/p>\n<p><label> Seu telefone (obrigat\u00f3rio)<br \/>\n<span class=\"wpcf7-form-control-wrap\" data-name=\"tel-63\"><input size=\"40\" class=\"wpcf7-form-control wpcf7-text wpcf7-tel wpcf7-validates-as-required wpcf7-validates-as-tel\" aria-required=\"true\" aria-invalid=\"false\" value=\"\" type=\"tel\" name=\"tel-63\" \/><\/span> <\/label>\n<\/p>\n<p><input class=\"wpcf7-form-control has-spinner wpcf7-submit\" type=\"submit\" value=\"Enviar\" \/>\n<\/p><p style=\"display: none !important;\"><label>&#916;<textarea name=\"_wpcf7_ak_hp_textarea\" cols=\"45\" rows=\"8\" maxlength=\"100\"><\/textarea><\/label><input type=\"hidden\" id=\"ak_js_1\" name=\"_wpcf7_ak_js\" value=\"208\"\/><script>document.getElementById( \"ak_js_1\" ).setAttribute( \"value\", ( new Date() ).getTime() );<\/script><\/p><div class=\"wpcf7-response-output\" aria-hidden=\"true\"><\/div>\n<\/form>\n<\/div>\n<\/p><\/div><\/div><\/div><\/div><\/div><\/div><\/div><\/div>\n","protected":false},"excerpt":{"rendered":"<p>OBJETIVO DO CURSO &#8211;&nbsp; Preparar o aluno com base te\u00f3rica e pr\u00e1tica. &#8211;&nbsp; Embasar conceitos e fundamentos s\u00f3lidos relacionados aos diversos m\u00f3dulos. &#8211;&nbsp; Formar especialistas capacitados a avaliar, diagnosticar, planejar e executar procedimentos est\u00e9ticos de a complexidade CONTE\u00daDO PROGRAM\u00c1TICO RESUMIDO: TE\u00d3RICO\/PR\u00c1TICO &#8211; Metodologia cient\u00ed\ufb01ca, \u00e9tica, legisla\u00e7\u00e3o odontol\u00f3gica.- Biosseguran\u00e7a na odontologia e em procedimentos est\u00e9ticos.- Anatomia [&hellip;]<\/p>\n","protected":false},"author":1,"featured_media":0,"parent":0,"menu_order":0,"comment_status":"closed","ping_status":"closed","template":"","meta":{"_mi_skip_tracking":false,"_exactmetrics_sitenote_active":false,"_exactmetrics_sitenote_note":"","_exactmetrics_sitenote_category":0},"_links":{"self":[{"href":"https:\/\/uniteno.com.br\/index.php\/wp-json\/wp\/v2\/pages\/778"}],"collection":[{"href":"https:\/\/uniteno.com.br\/index.php\/wp-json\/wp\/v2\/pages"}],"about":[{"href":"https:\/\/uniteno.com.br\/index.php\/wp-json\/wp\/v2\/types\/page"}],"author":[{"embeddable":true,"href":"https:\/\/uniteno.com.br\/index.php\/wp-json\/wp\/v2\/users\/1"}],"replies":[{"embeddable":true,"href":"https:\/\/uniteno.com.br\/index.php\/wp-json\/wp\/v2\/comments?post=778"}],"version-history":[{"count":29,"href":"https:\/\/uniteno.com.br\/index.php\/wp-json\/wp\/v2\/pages\/778\/revisions"}],"predecessor-version":[{"id":956,"href":"https:\/\/uniteno.com.br\/index.php\/wp-json\/wp\/v2\/pages\/778\/revisions\/956"}],"wp:attachment":[{"href":"https:\/\/uniteno.com.br\/index.php\/wp-json\/wp\/v2\/media?parent=778"}],"curies":[{"name":"wp","href":"https:\/\/api.w.org\/{rel}","templated":true}]}}